{"id":11524,"date":"2023-11-29T13:33:02","date_gmt":"2023-11-29T12:33:02","guid":{"rendered":"https:\/\/www.rhumfestparis.com\/christian-de-montaguere-shop\/"},"modified":"2025-09-22T16:56:12","modified_gmt":"2025-09-22T14:56:12","slug":"boutique-ephemere-excellence-rhum","status":"publish","type":"page","link":"https:\/\/www.rhumfestparis.com\/en\/boutique-ephemere-excellence-rhum\/","title":{"rendered":"Boutique \u00c9ph\u00e9m\u00e8re &#8211; Excellence Rhum"},"content":{"rendered":"<p>[et_pb_section fb_built=&#8221;1&#8243; _builder_version=&#8221;4.16&#8243; custom_padding=&#8221;0px||0px|||&#8221; global_colors_info=&#8221;{}&#8221;][et_pb_row _builder_version=&#8221;4.16&#8243; global_colors_info=&#8221;{}&#8221;][et_pb_column type=&#8221;4_4&#8243; _builder_version=&#8221;4.16&#8243; global_colors_info=&#8221;{}&#8221;][et_pb_text _builder_version=&#8221;4.27.4&#8243; text_font=&#8221;Avenir||||||||&#8221; text_font_size=&#8221;30px&#8221; text_orientation=&#8221;center&#8221; global_colors_info=&#8221;{}&#8221;]<\/p>\n<h1>Excellence Rhum at the helm of the Boutique \u00c9ph\u00e9m\u00e8re<\/h1>\n<h1>du Rhum Fest Paris 2025<\/h1>\n<p>[\/et_pb_text][et_pb_image src=&#8221;https:\/\/www.rhumfestparis.com\/wp-content\/uploads\/2024\/04\/excellenceP.jpg&#8221; title_text=&#8221;excellenceP&#8221; url=&#8221;https:\/\/www.excellencerhum.com\/fr\/&#8221; align=&#8221;center&#8221; _builder_version=&#8221;4.27.4&#8243; _module_preset=&#8221;default&#8221; width=&#8221;32%&#8221; module_alignment=&#8221;center&#8221; global_colors_info=&#8221;{}&#8221;][\/et_pb_image][et_pb_text _builder_version=&#8221;4.27.4&#8243; _module_preset=&#8221;default&#8221; text_font=&#8221;Avenir 2||||||||&#8221; text_font_size=&#8221;18px&#8221; global_colors_info=&#8221;{}&#8221;]<\/p>\n<p>This year, Excellence Rhum is honored to operate the Boutique \u00c9ph\u00e9m\u00e8re at Rhum Fest Paris. A real focal point for all rum lovers, this boutique will enable visitors to buy directly from the references presented at the show, while benefiting from our exclusive services<\/p>\n<h2>What we&#8217;re introducing this year :<\/h2>\n<p>An exceptional selection of references &#8211; A wide range of rums available at fair prices.<br \/>\nAn innovative wishlist service &#8211; Visitors will be able to bookmark products directly on ExcellenceRhum.com throughout their tasting experience.<br \/>\nA smooth, fast experience &#8211; Thanks to Click &amp; Collect, visitors will be able to pick up their purchases without waiting at the end of the show.<br \/>\nA shipping solution for over 145 countries &#8211; To avoid bottlenecks, visitors will be able to have their order delivered directly to their home in just a few clicks.<br \/>\nA team of passionate experts at your service<br \/>\nTo guarantee the best possible experience, we&#8217;re recruiting a team of specialized salespeople, all rum connoisseurs and enthusiasts. Their mission? To welcome, advise and assist visitors with their purchases, while ensuring smooth sales management.<\/p>\n<p>A page dedicated to the references available in the boutique<br \/>\nYou&#8217;ll be able to log on to the dedicated page from Saturday morning (in progress).<\/p>\n<h2>A team of passionate experts at your service<\/h2>\n<p>To guarantee the best possible experience, we recruit a team of specialized salespeople who are rum connoisseurs and enthusiasts. Their mission? To welcome, advise and assist visitors with their purchases, while ensuring smooth sales management.<\/p>\n<h2>A page dedicated to references available in the store<\/h2>\n<p>You&#8217;ll be able to log on to the dedicated page from Saturday morning (in progress).<\/p>\n<p>With this new organization, Excellence Rhum is putting its expertise at the service of the biggest event dedicated to rum in France.We look forward to seeing you at the show and in our ephemeral boutique to share this common passion!<\/p>\n<p>[\/et_pb_text][\/et_pb_column][\/et_pb_row][\/et_pb_section]<\/p>\n","protected":false},"excerpt":{"rendered":"<p>Excellence Rhum at the helm of the Boutique \u00c9ph\u00e9m\u00e8re du Rhum Fest Paris 2025 This year, Excellence Rhum is honored to operate the Boutique \u00c9ph\u00e9m\u00e8re at Rhum Fest Paris. A [&hellip;]<\/p>\n","protected":false},"author":1,"featured_media":14315,"parent":0,"menu_order":0,"comment_status":"closed","ping_status":"closed","template":"","meta":{"_acf_changed":false,"_et_pb_use_builder":"on","_et_pb_old_content":"","_et_gb_content_width":"","footnotes":""},"class_list":["post-11524","page","type-page","status-publish","has-post-thumbnail","hentry"],"acf":[],"yoast_head":"<!-- This site is optimized with the Yoast SEO plugin v27.3 - https:\/\/yoast.com\/product\/yoast-seo-wordpress\/ -->\n<title>Boutique \u00c9ph\u00e9m\u00e8re - Excellence Rhum<\/title>\n<meta name=\"description\" content=\"A real focal point for all rum lovers, this boutique will enable visitors to buy directly from the references presented at the show, while benefiting from our exclusive services.\" \/>\n<meta name=\"robots\" content=\"index, follow, max-snippet:-1, max-image-preview:large, max-video-preview:-1\" \/>\n<link rel=\"canonical\" href=\"https:\/\/www.rhumfestparis.com\/en\/boutique-ephemere-excellence-rhum\/\" \/>\n<meta property=\"og:locale\" content=\"en_US\" \/>\n<meta property=\"og:type\" content=\"article\" \/>\n<meta property=\"og:title\" content=\"Boutique \u00c9ph\u00e9m\u00e8re - Excellence Rhum\" \/>\n<meta property=\"og:description\" content=\"A real focal point for all rum lovers, this boutique will enable visitors to buy directly from the references presented at the show, while benefiting from our exclusive services.\" \/>\n<meta property=\"og:url\" content=\"https:\/\/www.rhumfestparis.com\/en\/boutique-ephemere-excellence-rhum\/\" \/>\n<meta property=\"og:site_name\" content=\"Rhum Fest Paris\" \/>\n<meta property=\"article:publisher\" content=\"https:\/\/www.facebook.com\/rhumfestparis\/\" \/>\n<meta property=\"article:modified_time\" content=\"2025-09-22T14:56:12+00:00\" \/>\n<meta property=\"og:image\" content=\"https:\/\/www.rhumfestparis.com\/wp-content\/uploads\/2024\/04\/excellenceP.jpg\" \/>\n\t<meta property=\"og:image:width\" content=\"600\" \/>\n\t<meta property=\"og:image:height\" content=\"254\" \/>\n\t<meta property=\"og:image:type\" content=\"image\/jpeg\" \/>\n<meta name=\"twitter:card\" content=\"summary_large_image\" \/>\n<meta name=\"twitter:site\" content=\"@RhumFestParis\" \/>\n<meta name=\"twitter:label1\" content=\"Est. reading time\" \/>\n\t<meta name=\"twitter:data1\" content=\"3 minutes\" \/>\n<script type=\"application\/ld+json\" class=\"yoast-schema-graph\">{\"@context\":\"https:\\\/\\\/schema.org\",\"@graph\":[{\"@type\":\"WebPage\",\"@id\":\"https:\\\/\\\/www.rhumfestparis.com\\\/en\\\/boutique-ephemere-excellence-rhum\\\/\",\"url\":\"https:\\\/\\\/www.rhumfestparis.com\\\/en\\\/boutique-ephemere-excellence-rhum\\\/\",\"name\":\"Boutique \u00c9ph\u00e9m\u00e8re - Excellence Rhum\",\"isPartOf\":{\"@id\":\"https:\\\/\\\/www.rhumfestparis.com\\\/#website\"},\"primaryImageOfPage\":{\"@id\":\"https:\\\/\\\/www.rhumfestparis.com\\\/en\\\/boutique-ephemere-excellence-rhum\\\/#primaryimage\"},\"image\":{\"@id\":\"https:\\\/\\\/www.rhumfestparis.com\\\/en\\\/boutique-ephemere-excellence-rhum\\\/#primaryimage\"},\"thumbnailUrl\":\"https:\\\/\\\/www.rhumfestparis.com\\\/wp-content\\\/uploads\\\/2024\\\/04\\\/excellenceP.jpg\",\"datePublished\":\"2023-11-29T12:33:02+00:00\",\"dateModified\":\"2025-09-22T14:56:12+00:00\",\"description\":\"A real focal point for all rum lovers, this boutique will enable visitors to buy directly from the references presented at the show, while benefiting from our exclusive services.\",\"breadcrumb\":{\"@id\":\"https:\\\/\\\/www.rhumfestparis.com\\\/en\\\/boutique-ephemere-excellence-rhum\\\/#breadcrumb\"},\"inLanguage\":\"en-US\",\"potentialAction\":[{\"@type\":\"ReadAction\",\"target\":[\"https:\\\/\\\/www.rhumfestparis.com\\\/en\\\/boutique-ephemere-excellence-rhum\\\/\"]}]},{\"@type\":\"ImageObject\",\"inLanguage\":\"en-US\",\"@id\":\"https:\\\/\\\/www.rhumfestparis.com\\\/en\\\/boutique-ephemere-excellence-rhum\\\/#primaryimage\",\"url\":\"https:\\\/\\\/www.rhumfestparis.com\\\/wp-content\\\/uploads\\\/2024\\\/04\\\/excellenceP.jpg\",\"contentUrl\":\"https:\\\/\\\/www.rhumfestparis.com\\\/wp-content\\\/uploads\\\/2024\\\/04\\\/excellenceP.jpg\",\"width\":600,\"height\":254},{\"@type\":\"BreadcrumbList\",\"@id\":\"https:\\\/\\\/www.rhumfestparis.com\\\/en\\\/boutique-ephemere-excellence-rhum\\\/#breadcrumb\",\"itemListElement\":[{\"@type\":\"ListItem\",\"position\":1,\"name\":\"Accueil\",\"item\":\"https:\\\/\\\/www.rhumfestparis.com\\\/en\\\/\"},{\"@type\":\"ListItem\",\"position\":2,\"name\":\"Boutique \u00c9ph\u00e9m\u00e8re &#8211; Excellence Rhum\"}]},{\"@type\":\"WebSite\",\"@id\":\"https:\\\/\\\/www.rhumfestparis.com\\\/#website\",\"url\":\"https:\\\/\\\/www.rhumfestparis.com\\\/\",\"name\":\"Rhum Fest Paris\",\"description\":\"Le rendez-vous incontournable\",\"publisher\":{\"@id\":\"https:\\\/\\\/www.rhumfestparis.com\\\/#organization\"},\"potentialAction\":[{\"@type\":\"SearchAction\",\"target\":{\"@type\":\"EntryPoint\",\"urlTemplate\":\"https:\\\/\\\/www.rhumfestparis.com\\\/?s={search_term_string}\"},\"query-input\":{\"@type\":\"PropertyValueSpecification\",\"valueRequired\":true,\"valueName\":\"search_term_string\"}}],\"inLanguage\":\"en-US\"},{\"@type\":\"Organization\",\"@id\":\"https:\\\/\\\/www.rhumfestparis.com\\\/#organization\",\"name\":\"Rhum Fest Paris\",\"url\":\"https:\\\/\\\/www.rhumfestparis.com\\\/\",\"logo\":{\"@type\":\"ImageObject\",\"inLanguage\":\"en-US\",\"@id\":\"https:\\\/\\\/www.rhumfestparis.com\\\/#\\\/schema\\\/logo\\\/image\\\/\",\"url\":\"https:\\\/\\\/www.rhumfestparis.com\\\/wp-content\\\/uploads\\\/2024\\\/11\\\/rhumfestparis-logob.jpg\",\"contentUrl\":\"https:\\\/\\\/www.rhumfestparis.com\\\/wp-content\\\/uploads\\\/2024\\\/11\\\/rhumfestparis-logob.jpg\",\"width\":511,\"height\":313,\"caption\":\"Rhum Fest Paris\"},\"image\":{\"@id\":\"https:\\\/\\\/www.rhumfestparis.com\\\/#\\\/schema\\\/logo\\\/image\\\/\"},\"sameAs\":[\"https:\\\/\\\/www.facebook.com\\\/rhumfestparis\\\/\",\"https:\\\/\\\/x.com\\\/RhumFestParis\",\"https:\\\/\\\/www.instagram.com\\\/rhumfestparis\\\/\",\"https:\\\/\\\/www.linkedin.com\\\/company\\\/rhum-fest-paris\\\/\"]}]}<\/script>\n<!-- \/ Yoast SEO plugin. -->","yoast_head_json":{"title":"Boutique \u00c9ph\u00e9m\u00e8re - Excellence Rhum","description":"A real focal point for all rum lovers, this boutique will enable visitors to buy directly from the references presented at the show, while benefiting from our exclusive services.","robots":{"index":"index","follow":"follow","max-snippet":"max-snippet:-1","max-image-preview":"max-image-preview:large","max-video-preview":"max-video-preview:-1"},"canonical":"https:\/\/www.rhumfestparis.com\/en\/boutique-ephemere-excellence-rhum\/","og_locale":"en_US","og_type":"article","og_title":"Boutique \u00c9ph\u00e9m\u00e8re - Excellence Rhum","og_description":"A real focal point for all rum lovers, this boutique will enable visitors to buy directly from the references presented at the show, while benefiting from our exclusive services.","og_url":"https:\/\/www.rhumfestparis.com\/en\/boutique-ephemere-excellence-rhum\/","og_site_name":"Rhum Fest Paris","article_publisher":"https:\/\/www.facebook.com\/rhumfestparis\/","article_modified_time":"2025-09-22T14:56:12+00:00","og_image":[{"width":600,"height":254,"url":"https:\/\/www.rhumfestparis.com\/wp-content\/uploads\/2024\/04\/excellenceP.jpg","type":"image\/jpeg"}],"twitter_card":"summary_large_image","twitter_site":"@RhumFestParis","twitter_misc":{"Est. reading time":"3 minutes"},"schema":{"@context":"https:\/\/schema.org","@graph":[{"@type":"WebPage","@id":"https:\/\/www.rhumfestparis.com\/en\/boutique-ephemere-excellence-rhum\/","url":"https:\/\/www.rhumfestparis.com\/en\/boutique-ephemere-excellence-rhum\/","name":"Boutique \u00c9ph\u00e9m\u00e8re - Excellence Rhum","isPartOf":{"@id":"https:\/\/www.rhumfestparis.com\/#website"},"primaryImageOfPage":{"@id":"https:\/\/www.rhumfestparis.com\/en\/boutique-ephemere-excellence-rhum\/#primaryimage"},"image":{"@id":"https:\/\/www.rhumfestparis.com\/en\/boutique-ephemere-excellence-rhum\/#primaryimage"},"thumbnailUrl":"https:\/\/www.rhumfestparis.com\/wp-content\/uploads\/2024\/04\/excellenceP.jpg","datePublished":"2023-11-29T12:33:02+00:00","dateModified":"2025-09-22T14:56:12+00:00","description":"A real focal point for all rum lovers, this boutique will enable visitors to buy directly from the references presented at the show, while benefiting from our exclusive services.","breadcrumb":{"@id":"https:\/\/www.rhumfestparis.com\/en\/boutique-ephemere-excellence-rhum\/#breadcrumb"},"inLanguage":"en-US","potentialAction":[{"@type":"ReadAction","target":["https:\/\/www.rhumfestparis.com\/en\/boutique-ephemere-excellence-rhum\/"]}]},{"@type":"ImageObject","inLanguage":"en-US","@id":"https:\/\/www.rhumfestparis.com\/en\/boutique-ephemere-excellence-rhum\/#primaryimage","url":"https:\/\/www.rhumfestparis.com\/wp-content\/uploads\/2024\/04\/excellenceP.jpg","contentUrl":"https:\/\/www.rhumfestparis.com\/wp-content\/uploads\/2024\/04\/excellenceP.jpg","width":600,"height":254},{"@type":"BreadcrumbList","@id":"https:\/\/www.rhumfestparis.com\/en\/boutique-ephemere-excellence-rhum\/#breadcrumb","itemListElement":[{"@type":"ListItem","position":1,"name":"Accueil","item":"https:\/\/www.rhumfestparis.com\/en\/"},{"@type":"ListItem","position":2,"name":"Boutique \u00c9ph\u00e9m\u00e8re &#8211; Excellence Rhum"}]},{"@type":"WebSite","@id":"https:\/\/www.rhumfestparis.com\/#website","url":"https:\/\/www.rhumfestparis.com\/","name":"Rhum Fest Paris","description":"Le rendez-vous incontournable","publisher":{"@id":"https:\/\/www.rhumfestparis.com\/#organization"},"potentialAction":[{"@type":"SearchAction","target":{"@type":"EntryPoint","urlTemplate":"https:\/\/www.rhumfestparis.com\/?s={search_term_string}"},"query-input":{"@type":"PropertyValueSpecification","valueRequired":true,"valueName":"search_term_string"}}],"inLanguage":"en-US"},{"@type":"Organization","@id":"https:\/\/www.rhumfestparis.com\/#organization","name":"Rhum Fest Paris","url":"https:\/\/www.rhumfestparis.com\/","logo":{"@type":"ImageObject","inLanguage":"en-US","@id":"https:\/\/www.rhumfestparis.com\/#\/schema\/logo\/image\/","url":"https:\/\/www.rhumfestparis.com\/wp-content\/uploads\/2024\/11\/rhumfestparis-logob.jpg","contentUrl":"https:\/\/www.rhumfestparis.com\/wp-content\/uploads\/2024\/11\/rhumfestparis-logob.jpg","width":511,"height":313,"caption":"Rhum Fest Paris"},"image":{"@id":"https:\/\/www.rhumfestparis.com\/#\/schema\/logo\/image\/"},"sameAs":["https:\/\/www.facebook.com\/rhumfestparis\/","https:\/\/x.com\/RhumFestParis","https:\/\/www.instagram.com\/rhumfestparis\/","https:\/\/www.linkedin.com\/company\/rhum-fest-paris\/"]}]}},"_links":{"self":[{"href":"https:\/\/www.rhumfestparis.com\/en\/wp-json\/wp\/v2\/pages\/11524","targetHints":{"allow":["GET"]}}],"collection":[{"href":"https:\/\/www.rhumfestparis.com\/en\/wp-json\/wp\/v2\/pages"}],"about":[{"href":"https:\/\/www.rhumfestparis.com\/en\/wp-json\/wp\/v2\/types\/page"}],"author":[{"embeddable":true,"href":"https:\/\/www.rhumfestparis.com\/en\/wp-json\/wp\/v2\/users\/1"}],"replies":[{"embeddable":true,"href":"https:\/\/www.rhumfestparis.com\/en\/wp-json\/wp\/v2\/comments?post=11524"}],"version-history":[{"count":10,"href":"https:\/\/www.rhumfestparis.com\/en\/wp-json\/wp\/v2\/pages\/11524\/revisions"}],"predecessor-version":[{"id":16207,"href":"https:\/\/www.rhumfestparis.com\/en\/wp-json\/wp\/v2\/pages\/11524\/revisions\/16207"}],"wp:featuredmedia":[{"embeddable":true,"href":"https:\/\/www.rhumfestparis.com\/en\/wp-json\/wp\/v2\/media\/14315"}],"wp:attachment":[{"href":"https:\/\/www.rhumfestparis.com\/en\/wp-json\/wp\/v2\/media?parent=11524"}],"curies":[{"name":"wp","href":"https:\/\/api.w.org\/{rel}","templated":true}]}}