{"id":19588,"date":"2026-04-15T11:42:49","date_gmt":"2026-04-15T09:42:49","guid":{"rendered":"https:\/\/www.rhumfestparis.com\/small-vip-lounges\/"},"modified":"2026-04-15T11:44:48","modified_gmt":"2026-04-15T09:44:48","slug":"small-vip-lounges","status":"publish","type":"page","link":"https:\/\/www.rhumfestparis.com\/en\/small-vip-lounges\/","title":{"rendered":"Small VIP lounges"},"content":{"rendered":"<p>[et_pb_section fb_built=&#8221;1&#8243; _builder_version=&#8221;4.16&#8243; custom_padding=&#8221;0px||0px|||&#8221; global_colors_info=&#8221;{}&#8221;][et_pb_row _builder_version=&#8221;4.27.5&#8243; custom_margin=&#8221;||20px||false|false&#8221; custom_padding=&#8221;||20px||false|false&#8221; global_colors_info=&#8221;{}&#8221;][et_pb_column type=&#8221;4_4&#8243; _builder_version=&#8221;4.16&#8243; global_colors_info=&#8221;{}&#8221;][et_pb_text _builder_version=&#8221;4.27.6&#8243; text_font=&#8221;Big Noodle||||||||&#8221; text_font_size=&#8221;34px&#8221; text_orientation=&#8221;center&#8221; global_colors_info=&#8221;{}&#8221;]<\/p>\n<p class=\"p1\">LES PETITS SALONS VIP<\/p>\n<p>[\/et_pb_text][et_pb_text _builder_version=&#8221;4.27.6&#8243; _module_preset=&#8221;default&#8221; global_colors_info=&#8221;{}&#8221;]<\/p>\n<p class=\"p1\" style=\"text-align: center;\"><i>Les r\u00e9servations aux animations ne permettent pas d\u2019acc\u00e9der au Rhum Fest Paris 2026. Pensez \u00e0 vous inscrire \u00e0 l\u2019\u00e9v\u00e9nement en amont.<\/i><\/p>\n<p>[\/et_pb_text][\/et_pb_column][\/et_pb_row][et_pb_row column_structure=&#8221;1_2,1_2&#8243; _builder_version=&#8221;4.27.5&#8243; _module_preset=&#8221;default&#8221; custom_margin=&#8221;0px||20px||false|false&#8221; custom_padding=&#8221;0px||0px||false|false&#8221; global_colors_info=&#8221;{}&#8221;][et_pb_column type=&#8221;1_2&#8243; _builder_version=&#8221;4.27.5&#8243; _module_preset=&#8221;default&#8221; global_colors_info=&#8221;{}&#8221;][et_pb_image src=&#8221;https:\/\/www.rhumfestparis.com\/wp-content\/uploads\/2026\/04\/petits-salons-vip.jpg&#8221; title_text=&#8221;petits-salons-vip&#8221; _builder_version=&#8221;4.27.6&#8243; _module_preset=&#8221;default&#8221; global_colors_info=&#8221;{}&#8221;][\/et_pb_image][\/et_pb_column][et_pb_column type=&#8221;1_2&#8243; _builder_version=&#8221;4.27.5&#8243; _module_preset=&#8221;default&#8221; global_colors_info=&#8221;{}&#8221;][et_pb_text _builder_version=&#8221;4.27.6&#8243; _module_preset=&#8221;default&#8221; text_font=&#8221;Avenir||||||||&#8221; text_font_size=&#8221;18px&#8221; custom_padding=&#8221;||||true|false&#8221; global_colors_info=&#8221;{}&#8221;]<\/p>\n<p><i class=\"fa-solid fa-location-dot\"><\/i> <strong>Emplacement : Pavillon des C\u00e8dres<\/strong><\/p>\n<p><\/p>\n<p>Rencontrez les producteurs en toute convivialit\u00e9 dans un espace d\u00e9di\u00e9 et cosy propice aux \u00e9changes informels autour d\u2019un verre, comme \u00e0 la maison. La r\u00e9servation d\u2019un cr\u00e9neau vous assure une place assise. Attention, nombre de places ultra limit\u00e9. C\u2019est tout l\u2019int\u00e9r\u00eat du format.<\/p>\n<p><\/p>\n<p><strong>Des masterclasses le samedi et le dimanche.\u00a0<\/strong><\/p>\n<p>[\/et_pb_text][\/et_pb_column][\/et_pb_row][et_pb_row column_structure=&#8221;1_4,3_4&#8243; _builder_version=&#8221;4.16&#8243; _module_preset=&#8221;default&#8221; custom_margin=&#8221;38px|auto||auto||&#8221; global_colors_info=&#8221;{}&#8221;][et_pb_column type=&#8221;1_4&#8243; _builder_version=&#8221;4.16&#8243; _module_preset=&#8221;default&#8221; global_colors_info=&#8221;{}&#8221;][et_pb_image src=&#8221;https:\/\/www.rhumfestparis.com\/wp-content\/uploads\/2026\/04\/rivieredumat.jpg&#8221; title_text=&#8221;rivieredumat&#8221; _builder_version=&#8221;4.27.6&#8243; _module_preset=&#8221;default&#8221; custom_margin=&#8221;||0px||false|false&#8221; custom_padding=&#8221;||10px||false|false&#8221; global_colors_info=&#8221;{}&#8221;][\/et_pb_image][et_pb_button button_url=&#8221;#salonsVIP&#8221; button_text=&#8221;R\u00e9server&#8221; button_alignment=&#8221;left&#8221; disabled_on=&#8221;off|off|off&#8221; _builder_version=&#8221;4.27.6&#8243; _module_preset=&#8221;default&#8221; custom_button=&#8221;on&#8221; button_text_size=&#8221;15px&#8221; button_text_color=&#8221;#000000&#8243; button_bg_color=&#8221;#ffdf43&#8243; button_border_width=&#8221;0px&#8221; button_border_radius=&#8221;0px&#8221; button_font=&#8221;Avenir 2||||||||&#8221; button_use_icon=&#8221;off&#8221; custom_margin=&#8221;0px||||false|false&#8221; custom_padding=&#8221;2px||||false|false&#8221; global_colors_info=&#8221;{}&#8221;][\/et_pb_button][\/et_pb_column][et_pb_column type=&#8221;3_4&#8243; _builder_version=&#8221;4.16&#8243; _module_preset=&#8221;default&#8221; global_colors_info=&#8221;{}&#8221;][et_pb_text _builder_version=&#8221;4.27.6&#8243; _module_preset=&#8221;default&#8221; text_font=&#8221;Big Noodle||||||||&#8221; text_text_color=&#8221;#000000&#8243; text_font_size=&#8221;38px&#8221; custom_margin=&#8221;||0px||false|false&#8221; custom_padding=&#8221;||10px||false|false&#8221; global_colors_info=&#8221;{}&#8221;]<\/p>\n<p>14:00 &#8211; Rivi\u00e8re du M\u00e2t<\/p>\n<p>[\/et_pb_text][dsm_icon_list _builder_version=&#8221;4.27.6&#8243; _module_preset=&#8221;default&#8221; custom_margin=&#8221;||0px||false|false&#8221; custom_padding=&#8221;||10px||false|false&#8221; global_colors_info=&#8221;{}&#8221;][dsm_icon_list_child text=&#8221;Pavillon des Cypr\u00e8s&#8221; font_icon=&#8221;&#xe01d;||divi||400&#8243; _builder_version=&#8221;4.27.6&#8243; _module_preset=&#8221;default&#8221; global_colors_info=&#8221;{}&#8221;][\/dsm_icon_list_child][\/dsm_icon_list][et_pb_text _builder_version=&#8221;4.27.6&#8243; _module_preset=&#8221;default&#8221; text_font=&#8221;Big Noodle||||||||&#8221; text_font_size=&#8221;26px&#8221; custom_margin=&#8221;||10px||false|false&#8221; global_colors_info=&#8221;{}&#8221;]<\/p>\n<p class=\"p1\">DEGUSTEZ LE PLUS VIEUX RHUM DE LA REUNION<\/p>\n<p>[\/et_pb_text][et_pb_text _builder_version=&#8221;4.27.6&#8243; _module_preset=&#8221;default&#8221; background_enable_color=&#8221;off&#8221; custom_margin=&#8221;0px||10px||false|false&#8221; custom_padding=&#8221;||||false|true&#8221; border_radii=&#8221;on|10px|10px|10px|10px&#8221; global_colors_info=&#8221;{}&#8221;]<\/p>\n<p><em>Par <strong>Teddy Boyer<\/strong>, Directeur de la Distillerie Rivi\u00e8re du M\u00e2t et <strong>Jean Grondin<\/strong>, Ma\u00eetre de Chai<\/em><\/p>\n<p>[\/et_pb_text][et_pb_text _builder_version=&#8221;4.27.6&#8243; _module_preset=&#8221;default&#8221; global_colors_info=&#8221;{}&#8221;]<\/p>\n<p>Cette d\u00e9gustation exceptionnelle en avant-premi\u00e8re mondiale, sera guid\u00e9e par deux invit\u00e9s venus sp\u00e9cialement de La R\u00e9union : &#8211; Le Ma\u00eetre de Chai de Rivi\u00e8re du M\u00e2t\u00a0: Jean Grondin<br \/>&#8211; Le Directeur de la Distillerie Rivi\u00e8re du M\u00e2t\u00a0: Teddy Boyer<\/p>\n<p><\/p>\n<p>Leader des Rhums Vieux de la R\u00e9union sur l\u2019\u00eele et en Hexagone, Rivi\u00e8re du M\u00e2t poss\u00e8de le plus grand Chai avec 9000 f\u00fbts, ce qui lui permet d\u2019offrir une large palette d\u2019expressions. R\u00e9compens\u00e9e pour sa qualit\u00e9 aux concours les plus prestigieux, la Distillerie incarne \u00e0 merveille le savoir-faire des Grands Rhums de la R\u00e9union. Cr\u00e9atrice dans l\u2019\u00e2me, elle convie tous les amateurs de rhums insulaires et g\u00e9n\u00e9reux \u00e0 explorer les multiples saveurs issues de son terroir volcanique unique.<\/p>\n<p><\/p>\n<p><em>En d\u00e9gustation : Dame Jeanne agricole 27 ans, XO, 15 ANS, Cuv\u00e9e 1886, OPUS 5<\/em><\/p>\n<p>[\/et_pb_text][\/et_pb_column][\/et_pb_row][et_pb_row column_structure=&#8221;1_4,3_4&#8243; _builder_version=&#8221;4.16&#8243; _module_preset=&#8221;default&#8221; custom_margin=&#8221;38px|auto||auto||&#8221; global_colors_info=&#8221;{}&#8221;][et_pb_column type=&#8221;1_4&#8243; _builder_version=&#8221;4.16&#8243; _module_preset=&#8221;default&#8221; global_colors_info=&#8221;{}&#8221;][et_pb_image src=&#8221;https:\/\/www.rhumfestparis.com\/wp-content\/uploads\/2026\/04\/jeremy.jpg&#8221; title_text=&#8221;jeremy&#8221; _builder_version=&#8221;4.27.6&#8243; _module_preset=&#8221;default&#8221; custom_margin=&#8221;||0px||false|false&#8221; custom_padding=&#8221;||10px||false|false&#8221; global_colors_info=&#8221;{}&#8221;][\/et_pb_image][et_pb_button button_url=&#8221;#salonsVIP&#8221; button_text=&#8221;R\u00e9server&#8221; button_alignment=&#8221;left&#8221; disabled_on=&#8221;off|off|off&#8221; _builder_version=&#8221;4.27.6&#8243; _module_preset=&#8221;default&#8221; custom_button=&#8221;on&#8221; button_text_size=&#8221;15px&#8221; button_text_color=&#8221;#000000&#8243; button_bg_color=&#8221;#ffdf43&#8243; button_border_width=&#8221;0px&#8221; button_border_radius=&#8221;0px&#8221; button_font=&#8221;Avenir 2||||||||&#8221; button_use_icon=&#8221;off&#8221; custom_margin=&#8221;0px||||false|false&#8221; custom_padding=&#8221;2px||||false|false&#8221; global_colors_info=&#8221;{}&#8221;][\/et_pb_button][\/et_pb_column][et_pb_column type=&#8221;3_4&#8243; _builder_version=&#8221;4.16&#8243; _module_preset=&#8221;default&#8221; global_colors_info=&#8221;{}&#8221;][et_pb_text _builder_version=&#8221;4.27.6&#8243; _module_preset=&#8221;default&#8221; text_font=&#8221;Big Noodle||||||||&#8221; text_text_color=&#8221;#000000&#8243; text_font_size=&#8221;38px&#8221; custom_margin=&#8221;||0px||false|false&#8221; custom_padding=&#8221;||10px||false|false&#8221; global_colors_info=&#8221;{}&#8221;]<\/p>\n<p>16:00 &#8211; Barlovento<\/p>\n<p>[\/et_pb_text][dsm_icon_list _builder_version=&#8221;4.27.6&#8243; _module_preset=&#8221;default&#8221; custom_margin=&#8221;||0px||false|false&#8221; custom_padding=&#8221;||10px||false|false&#8221; global_colors_info=&#8221;{}&#8221;][dsm_icon_list_child text=&#8221;Pavillon des Cypr\u00e8s&#8221; font_icon=&#8221;&#xe01d;||divi||400&#8243; _builder_version=&#8221;4.27.6&#8243; _module_preset=&#8221;default&#8221; global_colors_info=&#8221;{}&#8221;][\/dsm_icon_list_child][\/dsm_icon_list][et_pb_text _builder_version=&#8221;4.27.6&#8243; _module_preset=&#8221;default&#8221; text_font=&#8221;Big Noodle||||||||&#8221; text_font_size=&#8221;26px&#8221; custom_margin=&#8221;||10px||false|false&#8221; global_colors_info=&#8221;{}&#8221;]<\/p>\n<p class=\"p1\">D\u00e9gustation de la Collection Signature Barlovento<\/p>\n<p>[\/et_pb_text][et_pb_text _builder_version=&#8221;4.27.6&#8243; _module_preset=&#8221;default&#8221; background_enable_color=&#8221;off&#8221; custom_margin=&#8221;0px||10px||false|false&#8221; custom_padding=&#8221;||||false|true&#8221; border_radii=&#8221;on|10px|10px|10px|10px&#8221; global_colors_info=&#8221;{}&#8221;]<\/p>\n<p><em>Par <strong>J\u00e9r\u00e9my Scoto di Suoccio, <\/strong>Ma\u00eetre de Chai<\/em><\/p>\n<p>[\/et_pb_text][et_pb_text _builder_version=&#8221;4.27.6&#8243; _module_preset=&#8221;default&#8221; global_colors_info=&#8221;{}&#8221;]<\/p>\n<p>Fond\u00e9e en 2022 dans le sud de la France, Barlovento est une maison de rhum de prestige qui s\u00e9lectionne des rhums guat\u00e9malt\u00e8ques d&#8217;exception et les affine dans son chai en Occitanie. La Collection Signature est le fruit d&#8217;un travail de pr\u00e9cision sur des vieillissements ma\u00eetris\u00e9s en f\u00fbts successifs : bourbon, cognac, bois toast\u00e9s, chaque passage pens\u00e9 pour construire une architecture aromatique d&#8217;une profondeur rare. Moins de 300 exemplaires num\u00e9rot\u00e9s \u00e0 la main, en single cask.<\/p>\n<p><\/p>\n<p>J\u00e9r\u00e9my Scoto di Suoccio d\u00e9crypte les choix qui fa\u00e7onnent chaque cuv\u00e9e : la s\u00e9lection des f\u00fbts, la transformation du distillat par le bois, les secrets du vieillissement. Une d\u00e9gustation comment\u00e9e pour ceux qui veulent comprendre ce qui fait un grand rhum.<\/p>\n<p><\/p>\n<p><em>En d\u00e9gustation : Collection Signature, Collection Signature XO, et en surprise, la cuv\u00e9e H\u00e9ritage servie en dame-jeanne.<\/em><\/p>\n<p>[\/et_pb_text][\/et_pb_column][\/et_pb_row][et_pb_row _builder_version=&#8221;4.27.6&#8243; _module_preset=&#8221;default&#8221; global_colors_info=&#8221;{}&#8221;][et_pb_column type=&#8221;4_4&#8243; _builder_version=&#8221;4.27.6&#8243; _module_preset=&#8221;default&#8221; global_colors_info=&#8221;{}&#8221;][et_pb_code module_id=&#8221;salonsVIP&#8221; _builder_version=&#8221;4.27.6&#8243; _module_preset=&#8221;default&#8221; global_colors_info=&#8221;{}&#8221;]<\/p>\n<div class=\"yurplan-widget-container\" style=\"padding: 16px;\"><!-- [et_pb_line_break_holder] -->    <iframe<!-- [et_pb_line_break_holder] -->        src=&#8221;https:\/\/yurplan.com\/events\/RHUM-FEST-PARIS-2026-ANIMATIONS\/200721\/tickets\/widget?widget=dGlja2V0aW5nV2lkZ2V0WXBfMTk4NjkzXzIwNTg1Mw%3D%3D&#038;from=widget_205853&#038;wversion=1&#038;culture=fr&#8221;<!-- [et_pb_line_break_holder] -->        width=&#8221;100%&#8221;<!-- [et_pb_line_break_holder] -->        height=&#8221;100%&#8221;<!-- [et_pb_line_break_holder] -->        scrolling=&#8221;auto&#8221;<!-- [et_pb_line_break_holder] -->        frameborder=&#8221;0&#8243;<!-- [et_pb_line_break_holder] -->        class=&#8221;yurplan-widget&#8221;<!-- [et_pb_line_break_holder] -->        id=&#8221;yurplan-widget-205853&#8243;<!-- [et_pb_line_break_holder] -->        data-id=&#8221;205853&#8243;<!-- [et_pb_line_break_holder] -->    ><!-- [et_pb_line_break_holder] -->    <\/iframe><!-- [et_pb_line_break_holder] -->        <a<!-- [et_pb_line_break_holder] -->        href=&#8221;https:\/\/yurplan.com\/billetterie-en-ligne?utm_source=referral&#038;utm_medium=widget&#038;utm_campaign=lien_billetterie_widget&#8221;<!-- [et_pb_line_break_holder] -->        target=&#8221;_blank&#8221;<!-- [et_pb_line_break_holder] -->        class=&#8221;yurplan-widget-link-205853&#8243;<!-- [et_pb_line_break_holder] -->    ><!-- [et_pb_line_break_holder] -->        Plateforme de gestion d&#8217;\u00e9v\u00e9nements    <\/a><!-- [et_pb_line_break_holder] -->    <\/div>\n<p><!-- [et_pb_line_break_holder] --><script type=\"text\/javascript\" src=\"https:\/\/assets.yurplan.com\/yurplan-v1\/dist\/widget.js\"><\/script>[\/et_pb_code][\/et_pb_column][\/et_pb_row][\/et_pb_section]<\/p>\n","protected":false},"excerpt":{"rendered":"<p>LES PETITS SALONS VIPLes r\u00e9servations aux animations ne permettent pas d\u2019acc\u00e9der au Rhum Fest Paris 2026. Pensez \u00e0 vous inscrire \u00e0 l\u2019\u00e9v\u00e9nement en amont. Emplacement : Pavillon des C\u00e8dresRencontrez les [&hellip;]<\/p>\n","protected":false},"author":1,"featured_media":19363,"parent":0,"menu_order":0,"comment_status":"closed","ping_status":"closed","template":"","meta":{"_acf_changed":false,"_et_pb_use_builder":"on","_et_pb_old_content":"","_et_gb_content_width":"","footnotes":""},"class_list":["post-19588","page","type-page","status-publish","has-post-thumbnail","hentry"],"acf":[],"yoast_head":"<!-- This site is optimized with the Yoast SEO plugin v27.3 - https:\/\/yoast.com\/product\/yoast-seo-wordpress\/ -->\n<title>Small VIP lounges - Rhum Fest Paris<\/title>\n<meta name=\"description\" content=\"Meet the producers in a relaxed atmosphere in a cosy, dedicated space that\u2019s perfect for informal chats over a drink, just like at home.\" \/>\n<meta name=\"robots\" content=\"index, follow, max-snippet:-1, max-image-preview:large, max-video-preview:-1\" \/>\n<link rel=\"canonical\" href=\"https:\/\/www.rhumfestparis.com\/en\/small-vip-lounges\/\" \/>\n<meta property=\"og:locale\" content=\"en_US\" \/>\n<meta property=\"og:type\" content=\"article\" \/>\n<meta property=\"og:title\" content=\"Small VIP lounges - Rhum Fest Paris\" \/>\n<meta property=\"og:description\" content=\"Meet the producers in a relaxed atmosphere in a cosy, dedicated space that\u2019s perfect for informal chats over a drink, just like at home.\" \/>\n<meta property=\"og:url\" content=\"https:\/\/www.rhumfestparis.com\/en\/small-vip-lounges\/\" \/>\n<meta property=\"og:site_name\" content=\"Rhum Fest Paris\" \/>\n<meta property=\"article:publisher\" content=\"https:\/\/www.facebook.com\/rhumfestparis\/\" \/>\n<meta property=\"article:modified_time\" content=\"2026-04-15T09:44:48+00:00\" \/>\n<meta property=\"og:image\" content=\"https:\/\/www.rhumfestparis.com\/wp-content\/uploads\/2026\/04\/petits-salons-vip.jpg\" \/>\n\t<meta property=\"og:image:width\" content=\"900\" \/>\n\t<meta property=\"og:image:height\" content=\"600\" \/>\n\t<meta property=\"og:image:type\" content=\"image\/jpeg\" \/>\n<meta name=\"twitter:card\" content=\"summary_large_image\" \/>\n<meta name=\"twitter:site\" content=\"@RhumFestParis\" \/>\n<meta name=\"twitter:label1\" content=\"Est. reading time\" \/>\n\t<meta name=\"twitter:data1\" content=\"3 minutes\" \/>\n<script type=\"application\/ld+json\" class=\"yoast-schema-graph\">{\"@context\":\"https:\\\/\\\/schema.org\",\"@graph\":[{\"@type\":\"WebPage\",\"@id\":\"https:\\\/\\\/www.rhumfestparis.com\\\/en\\\/small-vip-lounges\\\/\",\"url\":\"https:\\\/\\\/www.rhumfestparis.com\\\/en\\\/small-vip-lounges\\\/\",\"name\":\"Small VIP lounges - Rhum Fest Paris\",\"isPartOf\":{\"@id\":\"https:\\\/\\\/www.rhumfestparis.com\\\/#website\"},\"primaryImageOfPage\":{\"@id\":\"https:\\\/\\\/www.rhumfestparis.com\\\/en\\\/small-vip-lounges\\\/#primaryimage\"},\"image\":{\"@id\":\"https:\\\/\\\/www.rhumfestparis.com\\\/en\\\/small-vip-lounges\\\/#primaryimage\"},\"thumbnailUrl\":\"https:\\\/\\\/www.rhumfestparis.com\\\/wp-content\\\/uploads\\\/2026\\\/04\\\/petits-salons-vip.jpg\",\"datePublished\":\"2026-04-15T09:42:49+00:00\",\"dateModified\":\"2026-04-15T09:44:48+00:00\",\"description\":\"Meet the producers in a relaxed atmosphere in a cosy, dedicated space that\u2019s perfect for informal chats over a drink, just like at home.\",\"breadcrumb\":{\"@id\":\"https:\\\/\\\/www.rhumfestparis.com\\\/en\\\/small-vip-lounges\\\/#breadcrumb\"},\"inLanguage\":\"en-US\",\"potentialAction\":[{\"@type\":\"ReadAction\",\"target\":[\"https:\\\/\\\/www.rhumfestparis.com\\\/en\\\/small-vip-lounges\\\/\"]}]},{\"@type\":\"ImageObject\",\"inLanguage\":\"en-US\",\"@id\":\"https:\\\/\\\/www.rhumfestparis.com\\\/en\\\/small-vip-lounges\\\/#primaryimage\",\"url\":\"https:\\\/\\\/www.rhumfestparis.com\\\/wp-content\\\/uploads\\\/2026\\\/04\\\/petits-salons-vip.jpg\",\"contentUrl\":\"https:\\\/\\\/www.rhumfestparis.com\\\/wp-content\\\/uploads\\\/2026\\\/04\\\/petits-salons-vip.jpg\",\"width\":900,\"height\":600},{\"@type\":\"BreadcrumbList\",\"@id\":\"https:\\\/\\\/www.rhumfestparis.com\\\/en\\\/small-vip-lounges\\\/#breadcrumb\",\"itemListElement\":[{\"@type\":\"ListItem\",\"position\":1,\"name\":\"Accueil\",\"item\":\"https:\\\/\\\/www.rhumfestparis.com\\\/en\\\/\"},{\"@type\":\"ListItem\",\"position\":2,\"name\":\"Small VIP lounges\"}]},{\"@type\":\"WebSite\",\"@id\":\"https:\\\/\\\/www.rhumfestparis.com\\\/#website\",\"url\":\"https:\\\/\\\/www.rhumfestparis.com\\\/\",\"name\":\"Rhum Fest Paris\",\"description\":\"Le rendez-vous incontournable\",\"publisher\":{\"@id\":\"https:\\\/\\\/www.rhumfestparis.com\\\/#organization\"},\"potentialAction\":[{\"@type\":\"SearchAction\",\"target\":{\"@type\":\"EntryPoint\",\"urlTemplate\":\"https:\\\/\\\/www.rhumfestparis.com\\\/?s={search_term_string}\"},\"query-input\":{\"@type\":\"PropertyValueSpecification\",\"valueRequired\":true,\"valueName\":\"search_term_string\"}}],\"inLanguage\":\"en-US\"},{\"@type\":\"Organization\",\"@id\":\"https:\\\/\\\/www.rhumfestparis.com\\\/#organization\",\"name\":\"Rhum Fest Paris\",\"url\":\"https:\\\/\\\/www.rhumfestparis.com\\\/\",\"logo\":{\"@type\":\"ImageObject\",\"inLanguage\":\"en-US\",\"@id\":\"https:\\\/\\\/www.rhumfestparis.com\\\/#\\\/schema\\\/logo\\\/image\\\/\",\"url\":\"https:\\\/\\\/www.rhumfestparis.com\\\/wp-content\\\/uploads\\\/2024\\\/11\\\/rhumfestparis-logob.jpg\",\"contentUrl\":\"https:\\\/\\\/www.rhumfestparis.com\\\/wp-content\\\/uploads\\\/2024\\\/11\\\/rhumfestparis-logob.jpg\",\"width\":511,\"height\":313,\"caption\":\"Rhum Fest Paris\"},\"image\":{\"@id\":\"https:\\\/\\\/www.rhumfestparis.com\\\/#\\\/schema\\\/logo\\\/image\\\/\"},\"sameAs\":[\"https:\\\/\\\/www.facebook.com\\\/rhumfestparis\\\/\",\"https:\\\/\\\/x.com\\\/RhumFestParis\",\"https:\\\/\\\/www.instagram.com\\\/rhumfestparis\\\/\",\"https:\\\/\\\/www.linkedin.com\\\/company\\\/rhum-fest-paris\\\/\"]}]}<\/script>\n<!-- \/ Yoast SEO plugin. -->","yoast_head_json":{"title":"Small VIP lounges - Rhum Fest Paris","description":"Meet the producers in a relaxed atmosphere in a cosy, dedicated space that\u2019s perfect for informal chats over a drink, just like at home.","robots":{"index":"index","follow":"follow","max-snippet":"max-snippet:-1","max-image-preview":"max-image-preview:large","max-video-preview":"max-video-preview:-1"},"canonical":"https:\/\/www.rhumfestparis.com\/en\/small-vip-lounges\/","og_locale":"en_US","og_type":"article","og_title":"Small VIP lounges - Rhum Fest Paris","og_description":"Meet the producers in a relaxed atmosphere in a cosy, dedicated space that\u2019s perfect for informal chats over a drink, just like at home.","og_url":"https:\/\/www.rhumfestparis.com\/en\/small-vip-lounges\/","og_site_name":"Rhum Fest Paris","article_publisher":"https:\/\/www.facebook.com\/rhumfestparis\/","article_modified_time":"2026-04-15T09:44:48+00:00","og_image":[{"width":900,"height":600,"url":"https:\/\/www.rhumfestparis.com\/wp-content\/uploads\/2026\/04\/petits-salons-vip.jpg","type":"image\/jpeg"}],"twitter_card":"summary_large_image","twitter_site":"@RhumFestParis","twitter_misc":{"Est. reading time":"3 minutes"},"schema":{"@context":"https:\/\/schema.org","@graph":[{"@type":"WebPage","@id":"https:\/\/www.rhumfestparis.com\/en\/small-vip-lounges\/","url":"https:\/\/www.rhumfestparis.com\/en\/small-vip-lounges\/","name":"Small VIP lounges - Rhum Fest Paris","isPartOf":{"@id":"https:\/\/www.rhumfestparis.com\/#website"},"primaryImageOfPage":{"@id":"https:\/\/www.rhumfestparis.com\/en\/small-vip-lounges\/#primaryimage"},"image":{"@id":"https:\/\/www.rhumfestparis.com\/en\/small-vip-lounges\/#primaryimage"},"thumbnailUrl":"https:\/\/www.rhumfestparis.com\/wp-content\/uploads\/2026\/04\/petits-salons-vip.jpg","datePublished":"2026-04-15T09:42:49+00:00","dateModified":"2026-04-15T09:44:48+00:00","description":"Meet the producers in a relaxed atmosphere in a cosy, dedicated space that\u2019s perfect for informal chats over a drink, just like at home.","breadcrumb":{"@id":"https:\/\/www.rhumfestparis.com\/en\/small-vip-lounges\/#breadcrumb"},"inLanguage":"en-US","potentialAction":[{"@type":"ReadAction","target":["https:\/\/www.rhumfestparis.com\/en\/small-vip-lounges\/"]}]},{"@type":"ImageObject","inLanguage":"en-US","@id":"https:\/\/www.rhumfestparis.com\/en\/small-vip-lounges\/#primaryimage","url":"https:\/\/www.rhumfestparis.com\/wp-content\/uploads\/2026\/04\/petits-salons-vip.jpg","contentUrl":"https:\/\/www.rhumfestparis.com\/wp-content\/uploads\/2026\/04\/petits-salons-vip.jpg","width":900,"height":600},{"@type":"BreadcrumbList","@id":"https:\/\/www.rhumfestparis.com\/en\/small-vip-lounges\/#breadcrumb","itemListElement":[{"@type":"ListItem","position":1,"name":"Accueil","item":"https:\/\/www.rhumfestparis.com\/en\/"},{"@type":"ListItem","position":2,"name":"Small VIP lounges"}]},{"@type":"WebSite","@id":"https:\/\/www.rhumfestparis.com\/#website","url":"https:\/\/www.rhumfestparis.com\/","name":"Rhum Fest Paris","description":"Le rendez-vous incontournable","publisher":{"@id":"https:\/\/www.rhumfestparis.com\/#organization"},"potentialAction":[{"@type":"SearchAction","target":{"@type":"EntryPoint","urlTemplate":"https:\/\/www.rhumfestparis.com\/?s={search_term_string}"},"query-input":{"@type":"PropertyValueSpecification","valueRequired":true,"valueName":"search_term_string"}}],"inLanguage":"en-US"},{"@type":"Organization","@id":"https:\/\/www.rhumfestparis.com\/#organization","name":"Rhum Fest Paris","url":"https:\/\/www.rhumfestparis.com\/","logo":{"@type":"ImageObject","inLanguage":"en-US","@id":"https:\/\/www.rhumfestparis.com\/#\/schema\/logo\/image\/","url":"https:\/\/www.rhumfestparis.com\/wp-content\/uploads\/2024\/11\/rhumfestparis-logob.jpg","contentUrl":"https:\/\/www.rhumfestparis.com\/wp-content\/uploads\/2024\/11\/rhumfestparis-logob.jpg","width":511,"height":313,"caption":"Rhum Fest Paris"},"image":{"@id":"https:\/\/www.rhumfestparis.com\/#\/schema\/logo\/image\/"},"sameAs":["https:\/\/www.facebook.com\/rhumfestparis\/","https:\/\/x.com\/RhumFestParis","https:\/\/www.instagram.com\/rhumfestparis\/","https:\/\/www.linkedin.com\/company\/rhum-fest-paris\/"]}]}},"_links":{"self":[{"href":"https:\/\/www.rhumfestparis.com\/en\/wp-json\/wp\/v2\/pages\/19588","targetHints":{"allow":["GET"]}}],"collection":[{"href":"https:\/\/www.rhumfestparis.com\/en\/wp-json\/wp\/v2\/pages"}],"about":[{"href":"https:\/\/www.rhumfestparis.com\/en\/wp-json\/wp\/v2\/types\/page"}],"author":[{"embeddable":true,"href":"https:\/\/www.rhumfestparis.com\/en\/wp-json\/wp\/v2\/users\/1"}],"replies":[{"embeddable":true,"href":"https:\/\/www.rhumfestparis.com\/en\/wp-json\/wp\/v2\/comments?post=19588"}],"version-history":[{"count":3,"href":"https:\/\/www.rhumfestparis.com\/en\/wp-json\/wp\/v2\/pages\/19588\/revisions"}],"predecessor-version":[{"id":19593,"href":"https:\/\/www.rhumfestparis.com\/en\/wp-json\/wp\/v2\/pages\/19588\/revisions\/19593"}],"wp:featuredmedia":[{"embeddable":true,"href":"https:\/\/www.rhumfestparis.com\/en\/wp-json\/wp\/v2\/media\/19363"}],"wp:attachment":[{"href":"https:\/\/www.rhumfestparis.com\/en\/wp-json\/wp\/v2\/media?parent=19588"}],"curies":[{"name":"wp","href":"https:\/\/api.w.org\/{rel}","templated":true}]}}